{"id":196,"date":"2022-12-29T21:57:04","date_gmt":"2022-12-29T21:57:04","guid":{"rendered":"https:\/\/www.minaguilasdesalvacion.com\/site\/?page_id=196"},"modified":"2022-12-29T21:59:25","modified_gmt":"2022-12-29T21:59:25","slug":"aguilas-2","status":"publish","type":"page","link":"https:\/\/www.minaguilasdesalvacion.com\/site\/aguilas-2\/","title":{"rendered":"\u00bfQui\u00e9nes Somos?"},"content":{"rendered":"\n<figure class=\"wp-block-image size-large\"><img decoding=\"async\" loading=\"lazy\" width=\"1024\" height=\"477\" src=\"http:\/\/www.minaguilasdesalvacion.com\/site\/wp-content\/uploads\/2022\/12\/web12-1024x477.jpg\" alt=\"\" class=\"wp-image-191\" srcset=\"https:\/\/www.minaguilasdesalvacion.com\/site\/wp-content\/uploads\/2022\/12\/web12-1024x477.jpg 1024w, https:\/\/www.minaguilasdesalvacion.com\/site\/wp-content\/uploads\/2022\/12\/web12-300x140.jpg 300w, https:\/\/www.minaguilasdesalvacion.com\/site\/wp-content\/uploads\/2022\/12\/web12-768x358.jpg 768w, https:\/\/www.minaguilasdesalvacion.com\/site\/wp-content\/uploads\/2022\/12\/web12-600x279.jpg 600w, https:\/\/www.minaguilasdesalvacion.com\/site\/wp-content\/uploads\/2022\/12\/web12.jpg 1411w\" sizes=\"(max-width: 1024px) 100vw, 1024px\" \/><\/figure>\n\n\n\n<p>El Ministerio Internacional \u00c1guilas de Salvaci\u00f3n es una Confederaci\u00f3n que agrupa Iglesias, Ministerios, Organizaciones y Ministros alrededor del mundo, los cuales se han cobijado bajo la visi\u00f3n y misi\u00f3n que fue entregada por Dios a la Junta Apost\u00f3lica Internacional con sede en la ciudad de New York, New York.<\/p>\n\n\n\n<p>En la actualidad, el Ministerio Internacional tiene presencia en varios pa\u00edses del mundo incluyendo Estados Unidos, Ecuador, Colombia, Per\u00fa, Guatemala, Brasil, Nicaragua, Costa de Marfil y Kenia.<\/p>\n\n\n\n<p><strong>Misi\u00f3n<\/strong><\/p>\n\n\n\n<p>Desarrollar Misiones e Iglesias locales en los Estados Unidos de Am\u00e9rica y en el exterior<\/p>\n\n\n\n<p><strong>Visi\u00f3n<\/strong><\/p>\n\n\n\n<p>Traerle gloria a Dios a trav\u00e9s de la presentaci\u00f3n de las Buenas Noticias de Jesucristo y la preparaci\u00f3n de creyentes para las obras de servicio<\/p>\n\n\n\n<p><strong><em>Visi\u00f3n y Misi\u00f3n &#8211; Base B\u00edblica<\/em><\/strong><\/p>\n\n\n\n<p>Antes de Jes\u00fas ascender al cielo, le dio a sus disc\u00edpulos las siguientes instrucciones:<\/p>\n\n\n\n<p><em>\u201cPor tanto, id y haced disc\u00edpulos a todas las naciones, bautiz\u00e1ndoles en el nombre del Padre, del Hijo y del Esp\u00edritu Santo, y ense\u00f1\u00e1ndoles que guarden todas las cosas que os he mandado. Y he aqu\u00ed, yo estoy con vosotros todos los d\u00edas, hasta el fin del mundo.&#8221; &#8211;Mat. 28:19-20<\/em><\/p>\n\n\n\n<p>Pablo escribi\u00f3 lo siguiente a la iglesia en \u00c9feso:<\/p>\n\n\n\n<p><em>&#8220;Y \u00e9l mismo constituy\u00f3 a unos ap\u00f3stoles, a otros profetas, a otros evangelistas, y a otros pastores y maestros, a fin de capacitar a los santos para la obra del ministerio, para la edificaci\u00f3n del cuerpo de Cristo, hasta que todos alcancemos la unidad de la fe y del conocimiento del Hijo de Dios, hasta ser un hombre de plena madurez, hasta la medida de la estatura de la plenitud de Cristo.&#8221; &#8211;Efe. 4:11-13<\/em><\/p>\n\n\n\n<p>Nuestra Visi\u00f3n y Misi\u00f3n tendr\u00e1n cumplimiento al practicar una vida devocional de:<\/p>\n\n\n\n<ol type=\"1\">\n<li>Oraci\u00f3n (di\u00e1logo con Dios),<\/li>\n\n\n\n<li>Estudio de la Palabra de Dios (un enfoque en lo que Dios dice)<\/li>\n\n\n\n<li>Adoraci\u00f3n (reconocimiento de la grandeza de Dios)<\/li>\n\n\n\n<li>Compa\u00f1erismo (compartir con otros creyentes en la fe).<\/li>\n<\/ol>\n\n\n\n<p>Una relaci\u00f3n con la persona de Jesucristo como un estilo de vida nos ayudar\u00e1 a entender mejor el prop\u00f3sito de Dios para nosotros.<\/p>\n\n\n\n<p>Como pueblo de Dios estamos llamados a presentar las Buenas Nuevas de Jesucristo a un mundo perdido.<\/p>\n\n\n\n<p>Como disc\u00edpulos, estamos llamados a crecer en el conocimiento de Dios.<\/p>\n\n\n\n<p>As\u00ed mismo, estamos llamados a hacer disc\u00edpulos a las naciones y establecer iglesias que fortalezcan a los creyentes en el camino del Se\u00f1or.<\/p>\n","protected":false},"excerpt":{"rendered":"<p>El Ministerio Internacional \u00c1guilas de Salvaci\u00f3n es una Confederaci\u00f3n que agrupa Iglesias, Ministerios, Organizaciones y Ministros alrededor del mundo, los cuales se han cobijado bajo la visi\u00f3n y misi\u00f3n que fue entregada por Dios a la Junta Apost\u00f3lica Internacional con sede en la ciudad de New York, New York. En&#46;&#46;&#46;<\/p>\n","protected":false},"author":1,"featured_media":0,"parent":0,"menu_order":0,"comment_status":"closed","ping_status":"closed","template":"","meta":{"two_page_speed":[]},"_links":{"self":[{"href":"https:\/\/www.minaguilasdesalvacion.com\/site\/wp-json\/wp\/v2\/pages\/196"}],"collection":[{"href":"https:\/\/www.minaguilasdesalvacion.com\/site\/wp-json\/wp\/v2\/pages"}],"about":[{"href":"https:\/\/www.minaguilasdesalvacion.com\/site\/wp-json\/wp\/v2\/types\/page"}],"author":[{"embeddable":true,"href":"https:\/\/www.minaguilasdesalvacion.com\/site\/wp-json\/wp\/v2\/users\/1"}],"replies":[{"embeddable":true,"href":"https:\/\/www.minaguilasdesalvacion.com\/site\/wp-json\/wp\/v2\/comments?post=196"}],"version-history":[{"count":3,"href":"https:\/\/www.minaguilasdesalvacion.com\/site\/wp-json\/wp\/v2\/pages\/196\/revisions"}],"predecessor-version":[{"id":204,"href":"https:\/\/www.minaguilasdesalvacion.com\/site\/wp-json\/wp\/v2\/pages\/196\/revisions\/204"}],"wp:attachment":[{"href":"https:\/\/www.minaguilasdesalvacion.com\/site\/wp-json\/wp\/v2\/media?parent=196"}],"curies":[{"name":"wp","href":"https:\/\/api.w.org\/{rel}","templated":true}]}}