{"id":205,"date":"2022-12-29T22:04:08","date_gmt":"2022-12-29T22:04:08","guid":{"rendered":"https:\/\/www.minaguilasdesalvacion.com\/site\/?page_id=205"},"modified":"2022-12-29T22:06:03","modified_gmt":"2022-12-29T22:06:03","slug":"vision-estrategica","status":"publish","type":"page","link":"https:\/\/www.minaguilasdesalvacion.com\/site\/vision-estrategica\/","title":{"rendered":"<strong>Visi\u00f3n Estrat\u00e9gica<\/strong>"},"content":{"rendered":"\n<p><strong><em>Presentar<\/em><\/strong><strong> <\/strong>el evangelio con integridad.<\/p>\n\n\n\n<p><strong><em>Preparar<\/em><\/strong> obreros. La mies es mucha pero pocos obreros.<\/p>\n\n\n\n<p><strong><em>Producir<\/em><\/strong> lo que has estado aprendiendo.<\/p>\n\n\n\n<p><strong><em>Plantar<\/em><\/strong> Iglesias en las naciones con una nueva generaci\u00f3n.<\/p>\n\n\n<div class=\"wp-block-image\">\n<figure class=\"aligncenter size-full\"><img decoding=\"async\" loading=\"lazy\" width=\"509\" height=\"419\" src=\"https:\/\/www.minaguilasdesalvacion.com\/site\/wp-content\/uploads\/2022\/12\/vision-estrategica.jpg\" alt=\"\" class=\"wp-image-206\" srcset=\"https:\/\/www.minaguilasdesalvacion.com\/site\/wp-content\/uploads\/2022\/12\/vision-estrategica.jpg 509w, https:\/\/www.minaguilasdesalvacion.com\/site\/wp-content\/uploads\/2022\/12\/vision-estrategica-300x247.jpg 300w\" sizes=\"(max-width: 509px) 100vw, 509px\" \/><\/figure><\/div>\n\n\n<p><\/p>\n\n\n\n<p><strong>Presentar<\/strong><\/p>\n\n\n\n<p><em>Objetivo <\/em>| Presentar las Buenas Noticias de Jesucristo.<\/p>\n\n\n\n<p><em>Estrategias para Presentar las Buenas Noticias<\/em><\/p>\n\n\n\n<ol type=\"1\">\n<li>Proveer un ambiente de amistad cristiana<\/li>\n\n\n\n<li>El Equipo de Bienvenida le dar\u00e1 el recibimiento a las visitas y animar\u00e1 a los dem\u00e1s creyentes a que se saluden unos a otros.<\/li>\n\n\n\n<li>Se debe enfatizar en la unidad de los creyentes teniendo diferentes actividades de <em>koinonia <\/em>(compa\u00f1erismo cristiano)<\/li>\n\n\n\n<li>Presentar una Verdadera Adoraci\u00f3n<\/li>\n\n\n\n<li>Rendir Adoraci\u00f3n que exalte a Dios a trav\u00e9s de las Escrituras, el canto, la danza, etc.<\/li>\n\n\n\n<li>&nbsp;M\u00fasica relevante al contexto cultural pero que no comprometa el mensaje del Evangelio.<\/li>\n\n\n\n<li>Eventos sociales y culturales como dramas, conciertos cristianos, etc.<\/li>\n\n\n\n<li>Volantes, tratados, grupos de amistad, puerta a puerta, de persona a persona, y predicaciones en las calles.<\/li>\n\n\n\n<li>Alcanzar la ni\u00f1ez para que asistan a las clases de la Escuela Dominical.<\/li>\n\n\n\n<li>Darle seguimiento a las visitas, los nombres recibidos por correo electr\u00f3nico, tel\u00e9fono, y otros.<\/li>\n<\/ol>\n\n\n\n<p><strong>Preparar<\/strong><\/p>\n\n\n\n<p><em>Objetivo<\/em> | Preparar Creyentes como Disc\u00edpulos de Jesucristo.<\/p>\n\n\n\n<p>Estrategias para Preparar Y Formar Disc\u00edpulos:<\/p>\n\n\n\n<ol type=\"1\">\n<li>Devoci\u00f3n a la oraci\u00f3n, estudio de la Palabra, y tener una vida de adoraci\u00f3n a Dios. A. Ense\u00f1ar y ser ejemplo en el Caminar Cristiano.<\/li>\n\n\n\n<li>Proveer Cursos para Nuevos Creyentes y de Fundamentos cristianos.<\/li>\n\n\n\n<li>Presentar la visi\u00f3n y objetivos de nuestra Iglesia.<\/li>\n\n\n\n<li>Explicar el Panorama B\u00edblico con \u00e9nfasis en como estudiar la Biblia.<\/li>\n\n\n\n<li>Estudiar la vida de Jes\u00fas y otros t\u00f3picos, como el pecado y la salvaci\u00f3n.<\/li>\n\n\n\n<li>Programa de Discipulado (que incluyen la oraci\u00f3n, las Escrituras y adoraci\u00f3n a Dios).<\/li>\n\n\n\n<li>Un estudio m\u00e1s a fondo de lo significa ser cristiano.<\/li>\n\n\n\n<li>Ense\u00f1ar sobre nuestros deberes a la iglesia local.<\/li>\n\n\n\n<li>La Escuela Dominical y Estudios B\u00edblicos.<\/li>\n<\/ol>\n\n\n\n<p><strong>Producir<\/strong><\/p>\n\n\n\n<p><em>Objetivo<\/em> | Ayudar a los Creyentes a que Produzcan Obras de Servicio a Dios.<\/p>\n\n\n\n<p>Estrategias para que se Produzcan estas Obras de Servicio:<\/p>\n\n\n\n<ol type=\"1\">\n<li>Programa de adiestramiento y formaci\u00f3n cristiana para que se descubran y desarrollen los talentos, habilidades y dones espirituales de los creyentes.<\/li>\n\n\n\n<li>Oportunidades B\u00e1sicas de Ministerio (que incluyen internado ministerial con otras organizaciones de ayuda al cuerpo de Cristo).<\/li>\n\n\n\n<li>Ministerio a las Prisiones, programas sociales como visitar al enfermo, asistir al necesitado, abogar por el oprimido, etc.<\/li>\n\n\n\n<li>Proveer Estudios B\u00edblicos, Teol\u00f3gicos y Apolog\u00e9ticos (defensa de los principios de nuestra fe apoyados en la Palabra de Dios).<\/li>\n\n\n\n<li>Entrenamiento para desarrollar las habilidades de Liderazgo en los creyentes.<\/li>\n<\/ol>\n\n\n\n<p><strong>Plantar<\/strong><\/p>\n\n\n\n<p><em>Objetivo<\/em> | Desarrollar y Plantar Misiones e Iglesias dentro y fuera de los Estados Unidos de Am\u00e9rica<\/p>\n\n\n\n<p>Estrategias para Plantar Misiones e Iglesias:<\/p>\n\n\n\n<ol type=\"1\">\n<li>Hacer conexiones y lazos de amistad con Iglesias en otros pa\u00edses.<\/li>\n\n\n\n<li>Apoyar y Respaldar Misioneros en otros pa\u00edses.<\/li>\n\n\n\n<li>Hacer viajes de corta duraci\u00f3n con el objetivo de evaluar las necesidades en el campo misionero.<\/li>\n\n\n\n<li>Desarrollar nuevas misiones en otros pa\u00edses.<\/li>\n\n\n\n<li>Plantar Iglesias Locales y en otros pa\u00edses.<\/li>\n<\/ol>\n","protected":false},"excerpt":{"rendered":"<p>Presentar el evangelio con integridad. Preparar obreros. La mies es mucha pero pocos obreros. Producir lo que has estado aprendiendo. Plantar Iglesias en las naciones con una nueva generaci\u00f3n. Presentar Objetivo | Presentar las Buenas Noticias de Jesucristo. Estrategias para Presentar las Buenas Noticias Preparar Objetivo | Preparar Creyentes como&#46;&#46;&#46;<\/p>\n","protected":false},"author":1,"featured_media":0,"parent":0,"menu_order":0,"comment_status":"closed","ping_status":"closed","template":"","meta":{"two_page_speed":[]},"_links":{"self":[{"href":"https:\/\/www.minaguilasdesalvacion.com\/site\/wp-json\/wp\/v2\/pages\/205"}],"collection":[{"href":"https:\/\/www.minaguilasdesalvacion.com\/site\/wp-json\/wp\/v2\/pages"}],"about":[{"href":"https:\/\/www.minaguilasdesalvacion.com\/site\/wp-json\/wp\/v2\/types\/page"}],"author":[{"embeddable":true,"href":"https:\/\/www.minaguilasdesalvacion.com\/site\/wp-json\/wp\/v2\/users\/1"}],"replies":[{"embeddable":true,"href":"https:\/\/www.minaguilasdesalvacion.com\/site\/wp-json\/wp\/v2\/comments?post=205"}],"version-history":[{"count":2,"href":"https:\/\/www.minaguilasdesalvacion.com\/site\/wp-json\/wp\/v2\/pages\/205\/revisions"}],"predecessor-version":[{"id":211,"href":"https:\/\/www.minaguilasdesalvacion.com\/site\/wp-json\/wp\/v2\/pages\/205\/revisions\/211"}],"wp:attachment":[{"href":"https:\/\/www.minaguilasdesalvacion.com\/site\/wp-json\/wp\/v2\/media?parent=205"}],"curies":[{"name":"wp","href":"https:\/\/api.w.org\/{rel}","templated":true}]}}