{"id":212,"date":"2022-12-29T22:16:52","date_gmt":"2022-12-29T22:16:52","guid":{"rendered":"https:\/\/www.minaguilasdesalvacion.com\/site\/?page_id=212"},"modified":"2022-12-29T22:18:12","modified_gmt":"2022-12-29T22:18:12","slug":"declaracion-doctrinal","status":"publish","type":"page","link":"https:\/\/www.minaguilasdesalvacion.com\/site\/declaracion-doctrinal\/","title":{"rendered":"<strong>Declaraci\u00f3n Doctrinal<\/strong>"},"content":{"rendered":"\n<p><\/p>\n\n\n\n<ol type=\"1\">\n<li><strong>Dios (ELOHIM)<\/strong><\/li>\n<\/ol>\n\n\n\n<p>Hay un solo Dios, manifestado en tres personas: Padre, Hijo y Esp\u00edritu Santo; ellos son personas diferentes, se relacionan entre s\u00ed en un v\u00ednculo eterno, son indivisibles y se complementan el uno al otro.<\/p>\n\n\n\n<p><strong>Padre <\/strong>Creemos en Dios el Padre, primera persona de la Trinidad. Es Eterno, Omnisciente, Omnipotente. Es Santo, Recto y Justo. Am\u00f3 a su Hijo desde la eternidad y lo entreg\u00f3 por la redenci\u00f3n de pecados.<\/p>\n\n\n\n<p><strong>Hijo <\/strong>Creemos en Dios Hijo, \u00fanico del Padre, nuestro Se\u00f1or Jesucristo.&nbsp; Es la segunda persona de la Trinidad. En \u00e9l y por \u00e9l fueron hechas todas las cosas.<\/p>\n\n\n\n<p>Es el \u00fanico camino al Padre, tras la ca\u00edda del hombre y separaci\u00f3n de este con Dios. Naci\u00f3 de una virgen, vivi\u00f3 sin pecados, muri\u00f3 y resucit\u00f3 al tercer d\u00eda venciendo sobre la muerte y reconciliando a la humanidad con el Padre.<\/p>\n\n\n\n<p>Ascendi\u00f3 al cielo en forma corporal, se sent\u00f3 a la Diestra de Dios Padre, reina con justicia y juicio y volver\u00e1 corporalmente en poder y gloria.<\/p>\n\n\n\n<p><strong>Esp\u00edritu Santo <\/strong>Creemos que el Esp\u00edritu Santo es la tercera persona de la Trinidad que convence al mundo de pecado, juicio y de justicia. Es el agente sobrenatural de Dios en la regeneraci\u00f3n de los perdidos.<\/p>\n\n\n\n<p>Es el otro Consolador, quien habita en medio de la iglesia, sell\u00e1ndolos dentro del Cuerpo de Cristo hasta el d\u00eda de la redenci\u00f3n. Es el maestro divino que gu\u00eda a los creyentes a toda la verdad e imparte como El quiere los dones el Esp\u00edritu Santo, como se encuentra en la primera ep\u00edstola a los Corintios, cap\u00edtulo 12.<\/p>\n\n\n\n<ul>\n<li><strong>Las Sagradas Escrituras<\/strong><\/li>\n<\/ul>\n\n\n\n<p>Creemos que tanto el Antiguo Testamento como el Nuevo Testamento son inspirados por Dios, infalibles en sus escritos originales y son la autoridad suprema y final de la fe.<\/p>\n\n\n\n<p>Creemos y declaramos la inerrancia de la Biblia y que esta es actual en todos los tiempos.<\/p>\n\n\n\n<ul>\n<li><strong>El Hombre<\/strong><\/li>\n<\/ul>\n\n\n\n<p>Creemos que el hombre fue creado a la imagen y semejanza de Dios, quien decidi\u00f3 separarse de Dios al desobedecerle y as\u00ed lleg\u00f3 el pecado al mundo.<\/p>\n\n\n\n<p>Ning\u00fan hombre puede reconciliarse a s\u00ed mismo con Dios y ganar la salvaci\u00f3n. El \u00fanico camino es creer y confesar a Cristo como Hijo de Dios a trav\u00e9s del convencimiento del Esp\u00edritu Santo, para esto el individuo nace a una nueva vida, heredando como consecuencia la salvaci\u00f3n.<\/p>\n\n\n<div class=\"wp-block-image\">\n<figure class=\"aligncenter size-large is-resized\"><img decoding=\"async\" loading=\"lazy\" src=\"https:\/\/www.minaguilasdesalvacion.com\/site\/wp-content\/uploads\/2022\/12\/Iglesia-Feliz-1024x604.jpg\" alt=\"\" class=\"wp-image-213\" width=\"465\" height=\"274\" srcset=\"https:\/\/www.minaguilasdesalvacion.com\/site\/wp-content\/uploads\/2022\/12\/Iglesia-Feliz-1024x604.jpg 1024w, https:\/\/www.minaguilasdesalvacion.com\/site\/wp-content\/uploads\/2022\/12\/Iglesia-Feliz-300x177.jpg 300w, https:\/\/www.minaguilasdesalvacion.com\/site\/wp-content\/uploads\/2022\/12\/Iglesia-Feliz-768x453.jpg 768w, https:\/\/www.minaguilasdesalvacion.com\/site\/wp-content\/uploads\/2022\/12\/Iglesia-Feliz-600x354.jpg 600w, https:\/\/www.minaguilasdesalvacion.com\/site\/wp-content\/uploads\/2022\/12\/Iglesia-Feliz.jpg 1169w\" sizes=\"(max-width: 465px) 100vw, 465px\" \/><figcaption class=\"wp-element-caption\">.<\/figcaption><\/figure><\/div>\n\n\n<ul>\n<li><strong>Satan\u00e1s<\/strong><\/li>\n<\/ul>\n\n\n\n<p>Creemos que \u00e9l es el autor del pecado. Cristo lo juzg\u00f3, lo derrot\u00f3 en la cruz y ser\u00e1 castigado eternamente.<\/p>\n\n\n\n<ul>\n<li><strong>La Salvaci\u00f3n<\/strong><\/li>\n<\/ul>\n\n\n\n<p>Creemos que la salvaci\u00f3n es un don de Dios recibido solamente por la gracia, y no por las obras del hombre; Este se obtiene por medio del arrepentimiento y de la fe personal en el Se\u00f1or Jesucristo.<\/p>\n\n\n\n<p>Creemos que esta fe se manifiesta en conducta y palabras, en obediencia a los preceptos de Dios.<\/p>\n\n\n\n<ul>\n<li><strong>El Cielo<\/strong><\/li>\n<\/ul>\n\n\n\n<p>Creemos que el cielo es la esperanza y el hogar eterno de todos los que han cre\u00eddo en Jesucristo y han sido salvos en \u00e9l.<\/p>\n\n\n\n<ul>\n<li><strong>La Iglesia<\/strong><\/li>\n<\/ul>\n\n\n\n<p>Creemos que la Iglesia es el Cuerpo de Cristo en la tierra y&nbsp; est\u00e1 compuesto por todos los creyentes que han nacido de nuevo por el Esp\u00edritu de Dios en todo el mundo, sin excepci\u00f3n de razas o denominaciones.<\/p>\n\n\n\n<p>Creemos que la iglesia local incluye a los creyentes nacidos de nuevo que se re\u00fanen para adorar al Se\u00f1or y para recibir instrucci\u00f3n para el servicio cristiano.<\/p>\n\n\n\n<ul>\n<li><strong>El Cuerpo de Cristo<\/strong><\/li>\n<\/ul>\n\n\n\n<p>Creemos en la unidad con todas las denominaciones de la Iglesia de Cristo que abrazan los credos de los Ap\u00f3stoles,&nbsp; inspirada por el amor entre hermanos y guianza del Esp\u00edritu.<\/p>\n\n\n\n<p>En nuestra condici\u00f3n de cristianos rechazamos a los \u00abfalsos profetas\u00bb cuyas ense\u00f1anzas son contrarias a esta declaraci\u00f3n doctrinal.<\/p>\n\n\n\n<ul>\n<li><strong>El Arrebatamiento de la iglesia<\/strong><\/li>\n<\/ul>\n\n\n\n<p>Creemos que Jesucristo regresar\u00e1 por su iglesia y los muertos en Cristo resucitar\u00e1n primero, su iglesia ser\u00e1 arrebatada en las nubes para cumplir con la cita de las bodas del Cordero.<\/p>\n\n\n\n<ol type=\"1\">\n<li><strong>La Segunda venida<\/strong><\/li>\n<\/ol>\n\n\n\n<p>Creemos en la segunda venida f\u00edsica de Jesucristo en su cuerpo glorioso para establecer Su reino en la tierra.<\/p>\n\n\n\n<ol type=\"1\">\n<li><strong>Ordenanzas<\/strong>\n<ol>\n<li><strong>Bautismo en Agua<\/strong><\/li>\n<\/ol>\n<\/li>\n<\/ol>\n\n\n\n<p>Creemos en el bautismo en agua como una declaraci\u00f3n p\u00fablica de la fe en Cristo. Este debe ser por inmersi\u00f3n en el nombre del Padre y del Hijo y del Esp\u00edritu Santo, y ser\u00e1 administrado solamente a los que hayan dado evidencia de haber nacido de nuevo por el Esp\u00edritu de Dios.<\/p>\n\n\n\n<ol type=\"1\">\n<li><strong>Santa Cena<\/strong><\/li>\n<\/ol>\n\n\n\n<p>Creemos que la Santa Cena debe ser observada por todos los creyentes. Cada creyente debe examinarse antes de participar.<\/p>\n\n\n\n<p>1 Corintios 11:27-30 dice que los cristianos que viven en pecado pero toman la cena p\u00fablicamente con la iglesia, van a sufrir enfermedades, debilidades y a\u00fan morir antes del tiempo perfecto del Se\u00f1or. Es una conmemoraci\u00f3n del sufrimiento y de la&#8211;muerte de nuestro Se\u00f1or Jesucristo y debe practicarse \u00abhasta que \u00c9l vuelva\u00bb.<\/p>\n\n\n\n<ol type=\"1\">\n<li><strong>El Bautismo del Esp\u00edritu Santo<\/strong><\/li>\n<\/ol>\n\n\n\n<p>Creemos que el bautismo en el Esp\u00edritu Santo es una experiencia definitiva despu\u00e9s de su obra de salvaci\u00f3n. Cuando uno \u00abnace del Esp\u00edritu\u00bb es para salvaci\u00f3n y hay una impartici\u00f3n de vida nueva.<\/p>\n\n\n\n<ol type=\"1\">\n<li><strong>Sanidad Divina<\/strong><\/li>\n<\/ol>\n\n\n\n<p>Creemos que Cristo tiene poder para sanar, pues \u00e9l llev\u00f3 sobre si todas nuestras dolencias y enfermedades. Por su llaga fuimos nosotros curados.<\/p>\n\n\n\n<p>El orar por los enfermos y oprimidos es una instrucci\u00f3n B\u00edblica, la cual debe ser acatada por los ancianos de la iglesia y por los creyentes. Dios da sanidad a quien la pida de acuerdo a su voluntad.<\/p>\n\n\n\n<ol type=\"1\">\n<li><strong>Santidad<\/strong><\/li>\n<\/ol>\n\n\n\n<p>Creemos que la Biblia ense\u00f1a una vida de santidad \u00absin la cual nadie ver\u00e1 al Se\u00f1or\u00bb.<\/p>\n\n\n\n<p>Esta se manifiesta de dos maneras, primeramente por la posici\u00f3n que Dios nos da de ser santos;&nbsp; La segunda se refiere a la santificaci\u00f3n de cada creyente y se debe buscar con sinceridad, caminando en obediencia al Se\u00f1or.<\/p>\n\n\n\n<p>El fruto que leemos en G\u00e1latas 5:22-23 es la evidencia verdadera de la sumisi\u00f3n constante del cristiano al se\u00f1or\u00edo de Jesucristo.<\/p>\n\n\n\n<ol type=\"1\">\n<li><strong>La resurrecci\u00f3n de los muertos<\/strong><\/li>\n<\/ol>\n\n\n\n<p>Creemos que Jesucristo resucit\u00f3 de entre los muertos por el poder de Dios, y de igual manera todos los hombres resucitar\u00e1n, unos para la vida eterna y otros para muerte eterna; Estos son los que rehusaron en vida el se\u00f1or\u00edo de Jesucristo y ser\u00e1n condenados en el juicio final y eterno.<\/p>\n\n\n\n<ol type=\"1\">\n<li><strong>Juicio Eterno<\/strong><\/li>\n<\/ol>\n\n\n\n<p>Creemos que Dios ha establecido un d\u00eda en el cual ha de juzgar a los hombres con justicia por medio de Jesucristo y que cada uno dar\u00e1 cuenta de sus obras buenas o malas.<\/p>\n\n\n\n<ol type=\"1\">\n<li><strong>Matrimonio<\/strong><\/li>\n<\/ol>\n\n\n\n<p>Creemos en la instituci\u00f3n del matrimonio, tal como declara G\u00e9nesis 2:24 \u00abPor tanto, dejar\u00e1 el hombre a su padre y a su madre, y se unir\u00e1 a su mujer y ser\u00e1 una sola carne\u00bb. Ser\u00e1 administrado por un ministro ordenado, seg\u00fan los principios doctrinales, y cumpliendo los preceptos de ley.<\/p>\n\n\n\n<ol type=\"1\">\n<li><strong>Ministerios<\/strong><\/li>\n<\/ol>\n\n\n\n<p>Creemos que Jesucristo constituy\u00f3 a unos Ap\u00f3stoles, a otros Profetas, a otros Pastores y a otros Maestros, a fin de perfeccionar la obra del ministerio (Efesios 4:11).<\/p>\n\n\n\n<p>Estos ministerios pueden ser desarrollados por personas que han alcanzado madurez espiritual en Cristo, sin distingo de g\u00e9nero o edad y manifestando el fruto del Esp\u00edritu Santo.<\/p>\n\n\n\n<p><br><em>(Adaptaci\u00f3n MSA)<\/em><em><\/em><\/p>\n","protected":false},"excerpt":{"rendered":"<p>Hay un solo Dios, manifestado en tres personas: Padre, Hijo y Esp\u00edritu Santo; ellos son personas diferentes, se relacionan entre s\u00ed en un v\u00ednculo eterno, son indivisibles y se complementan el uno al otro. Padre Creemos en Dios el Padre, primera persona de la Trinidad. Es Eterno, Omnisciente, Omnipotente. Es&#46;&#46;&#46;<\/p>\n","protected":false},"author":1,"featured_media":0,"parent":0,"menu_order":0,"comment_status":"closed","ping_status":"closed","template":"","meta":{"two_page_speed":[]},"_links":{"self":[{"href":"https:\/\/www.minaguilasdesalvacion.com\/site\/wp-json\/wp\/v2\/pages\/212"}],"collection":[{"href":"https:\/\/www.minaguilasdesalvacion.com\/site\/wp-json\/wp\/v2\/pages"}],"about":[{"href":"https:\/\/www.minaguilasdesalvacion.com\/site\/wp-json\/wp\/v2\/types\/page"}],"author":[{"embeddable":true,"href":"https:\/\/www.minaguilasdesalvacion.com\/site\/wp-json\/wp\/v2\/users\/1"}],"replies":[{"embeddable":true,"href":"https:\/\/www.minaguilasdesalvacion.com\/site\/wp-json\/wp\/v2\/comments?post=212"}],"version-history":[{"count":2,"href":"https:\/\/www.minaguilasdesalvacion.com\/site\/wp-json\/wp\/v2\/pages\/212\/revisions"}],"predecessor-version":[{"id":217,"href":"https:\/\/www.minaguilasdesalvacion.com\/site\/wp-json\/wp\/v2\/pages\/212\/revisions\/217"}],"wp:attachment":[{"href":"https:\/\/www.minaguilasdesalvacion.com\/site\/wp-json\/wp\/v2\/media?parent=212"}],"curies":[{"name":"wp","href":"https:\/\/api.w.org\/{rel}","templated":true}]}}