{"id":218,"date":"2022-12-29T22:30:01","date_gmt":"2022-12-29T22:30:01","guid":{"rendered":"https:\/\/www.minaguilasdesalvacion.com\/site\/?page_id=218"},"modified":"2022-12-29T22:30:20","modified_gmt":"2022-12-29T22:30:20","slug":"historia","status":"publish","type":"page","link":"https:\/\/www.minaguilasdesalvacion.com\/site\/historia\/","title":{"rendered":"<strong>Historia<\/strong>"},"content":{"rendered":"\n<p><strong><em>La fundadora<\/em><\/strong> | La Ap\u00f3stol, pastora y misionera Juanita Lidia Quintanilla naci\u00f3 en la ciudad de Guatemala, recibiendo la palabra del Evangelio a los 22 a\u00f1os de edad en la iglesia <em>Sala Evang\u00e9lica<\/em> que pastorea el Pastor Roberto Ju\u00e1rez en su ciudad natal.<\/p>\n\n\n<div class=\"wp-block-image is-style-default\">\n<figure class=\"alignleft size-full is-resized\"><img decoding=\"async\" loading=\"lazy\" src=\"https:\/\/www.minaguilasdesalvacion.com\/site\/wp-content\/uploads\/2022\/12\/juanita.jpg\" alt=\"\" class=\"wp-image-219\" width=\"254\" height=\"239\" srcset=\"https:\/\/www.minaguilasdesalvacion.com\/site\/wp-content\/uploads\/2022\/12\/juanita.jpg 329w, https:\/\/www.minaguilasdesalvacion.com\/site\/wp-content\/uploads\/2022\/12\/juanita-300x283.jpg 300w\" sizes=\"(max-width: 254px) 100vw, 254px\" \/><\/figure><\/div>\n\n\n<p>Durante ese tiempo, ella trabajaba en la obra visitando hogares con necesidad y predicando a las almas. Posteriormente, emigra a los Estados Unidos y Dios Habla a su vida para llevar la Palabra de Dios a las naciones y as\u00ed establecer el reino de los cielos.<\/p>\n\n\n\n<p>Ha viajado llevando la Palabra a todo Centro, Sur Am\u00e9rica y el Caribe, estableciendo Iglesias, orientando a padres de familia y ayudando a la ni\u00f1ez a trav\u00e9s del trabajo social. Tras su visita como misionera a la ciudad de Salitre, Ecuador, Dios le permite ordenar al primer pastor del Ministerio Internacional \u00c1guilas de Salvaci\u00f3n en el a\u00f1o 2003. A partir de ese momento, se establece la primera iglesia de la Confederaci\u00f3n y prolongar un trabajo que luego impactar\u00eda a las dem\u00e1s naciones de la tierra.<\/p>\n\n\n\n<p>Hoy en d\u00eda ella y su familia trabajan activamente en la obra del Se\u00f1or juntamente con un equipo de colaboradores del ministerio, quienes tienen la Visi\u00f3n de alcanzar a las naciones.<\/p>\n","protected":false},"excerpt":{"rendered":"<p>La fundadora | La Ap\u00f3stol, pastora y misionera Juanita Lidia Quintanilla naci\u00f3 en la ciudad de Guatemala, recibiendo la palabra del Evangelio a los 22 a\u00f1os de edad en la iglesia Sala Evang\u00e9lica que pastorea el Pastor Roberto Ju\u00e1rez en su ciudad natal. Durante ese tiempo, ella trabajaba en la&#46;&#46;&#46;<\/p>\n","protected":false},"author":1,"featured_media":0,"parent":0,"menu_order":0,"comment_status":"closed","ping_status":"closed","template":"","meta":{"two_page_speed":[]},"_links":{"self":[{"href":"https:\/\/www.minaguilasdesalvacion.com\/site\/wp-json\/wp\/v2\/pages\/218"}],"collection":[{"href":"https:\/\/www.minaguilasdesalvacion.com\/site\/wp-json\/wp\/v2\/pages"}],"about":[{"href":"https:\/\/www.minaguilasdesalvacion.com\/site\/wp-json\/wp\/v2\/types\/page"}],"author":[{"embeddable":true,"href":"https:\/\/www.minaguilasdesalvacion.com\/site\/wp-json\/wp\/v2\/users\/1"}],"replies":[{"embeddable":true,"href":"https:\/\/www.minaguilasdesalvacion.com\/site\/wp-json\/wp\/v2\/comments?post=218"}],"version-history":[{"count":1,"href":"https:\/\/www.minaguilasdesalvacion.com\/site\/wp-json\/wp\/v2\/pages\/218\/revisions"}],"predecessor-version":[{"id":220,"href":"https:\/\/www.minaguilasdesalvacion.com\/site\/wp-json\/wp\/v2\/pages\/218\/revisions\/220"}],"wp:attachment":[{"href":"https:\/\/www.minaguilasdesalvacion.com\/site\/wp-json\/wp\/v2\/media?parent=218"}],"curies":[{"name":"wp","href":"https:\/\/api.w.org\/{rel}","templated":true}]}}