{"id":237,"date":"2022-12-30T00:02:37","date_gmt":"2022-12-30T00:02:37","guid":{"rendered":"https:\/\/www.minaguilasdesalvacion.com\/site\/?page_id=237"},"modified":"2022-12-30T00:02:37","modified_gmt":"2022-12-30T00:02:37","slug":"segadoras","status":"publish","type":"page","link":"https:\/\/www.minaguilasdesalvacion.com\/site\/segadoras\/","title":{"rendered":"Segadoras"},"content":{"rendered":"\n<figure class=\"wp-block-image size-large\"><img decoding=\"async\" loading=\"lazy\" width=\"1024\" height=\"383\" src=\"http:\/\/www.minaguilasdesalvacion.com\/site\/wp-content\/uploads\/2022\/12\/Up2-1024x383.jpg\" alt=\"\" class=\"wp-image-29\" srcset=\"https:\/\/www.minaguilasdesalvacion.com\/site\/wp-content\/uploads\/2022\/12\/Up2-1024x383.jpg 1024w, https:\/\/www.minaguilasdesalvacion.com\/site\/wp-content\/uploads\/2022\/12\/Up2-300x112.jpg 300w, https:\/\/www.minaguilasdesalvacion.com\/site\/wp-content\/uploads\/2022\/12\/Up2-768x287.jpg 768w, https:\/\/www.minaguilasdesalvacion.com\/site\/wp-content\/uploads\/2022\/12\/Up2-1536x574.jpg 1536w, https:\/\/www.minaguilasdesalvacion.com\/site\/wp-content\/uploads\/2022\/12\/Up2.jpg 1815w\" sizes=\"(max-width: 1024px) 100vw, 1024px\" \/><\/figure>\n\n\n\n<p><strong>\u00bfQui\u00e9nes Somos?<\/strong><br><br>Las <strong><em>Segadoras del Reino de Dios<\/em><\/strong> es un Ministerio cristiano orientado a mujeres que desean ser parte activa del avance del Reino de Dios en la tierra, predicado por Jes\u00fas. Agrupamos comunidades de mujeres cristianas alrededor del mundo, sin importar su denominaci\u00f3n cristiana.<\/p>\n\n\n\n<p><strong>Misi\u00f3n<\/strong><\/p>\n\n\n\n<p>Empoderamos, levantamos y animamos a la Mujer de nuestro siglo para que alcance el prop\u00f3sito de Dios en su vida.<\/p>\n\n\n\n<p><strong>Visi\u00f3n<\/strong><\/p>\n\n\n\n<p>Establecer grupos de Segadoras del Reino de Dios en cada pa\u00eds de Am\u00e9rica Latina, Anglosajona y el mundo entero.<\/p>\n\n\n\n<p><strong>\u00bfPor Qu\u00e9?<\/strong><\/p>\n\n\n<div class=\"wp-block-image\">\n<figure class=\"alignright size-large is-resized\"><img decoding=\"async\" loading=\"lazy\" src=\"https:\/\/www.minaguilasdesalvacion.com\/site\/wp-content\/uploads\/2022\/12\/64-1-768x1024.jpg\" alt=\"\" class=\"wp-image-239\" width=\"196\" height=\"261\" srcset=\"https:\/\/www.minaguilasdesalvacion.com\/site\/wp-content\/uploads\/2022\/12\/64-1-768x1024.jpg 768w, https:\/\/www.minaguilasdesalvacion.com\/site\/wp-content\/uploads\/2022\/12\/64-1-225x300.jpg 225w, https:\/\/www.minaguilasdesalvacion.com\/site\/wp-content\/uploads\/2022\/12\/64-1-450x600.jpg 450w, https:\/\/www.minaguilasdesalvacion.com\/site\/wp-content\/uploads\/2022\/12\/64-1.jpg 783w\" sizes=\"(max-width: 196px) 100vw, 196px\" \/><\/figure><\/div>\n\n\n<p>En el trascurso de la historia vemos c\u00f3mo esta ha sido calificada como ciudadana de <em>segunda categor\u00eda <\/em>en pa\u00edses donde no son m\u00e1s que una propiedad, en medio de la sociedad en la que, por citar algunos ejemplos, el salario de la mujer es menor que la del hombre, en &nbsp;lugares en donde la violencia verbal y f\u00edsica es un derecho del sexo opuesto. El abuso&nbsp; hacia la mujer&nbsp; no distingue rango social; ella es golpeada, abusada, denigrada, menospreciada y otros vej\u00e1menes, sin importar su posici\u00f3n o ascendencia.&nbsp;<\/p>\n\n\n\n<p>Pero, \u00bfEsto fue lo que Dios dise\u00f1\u00f3 para la mujer? \u00a1No!<\/p>\n\n\n\n<p>\u00c9l tiene un plan con cada una de ellas, su destino no es ser marginada. Si nos damos cuenta, en G\u00e9nisis Dios tenia un prop\u00f3sito con el hombre, Ad\u00e1n. El creador vio que despu\u00e9s que lo form\u00f3 estaba solo y pens\u00f3, <em>\u201cdebe de estar acompa\u00f1ado<\/em>\u201d; as\u00ed decide formar a Eva.<\/p>\n\n\n\n<p><em>\u201cY de la costilla que el SE\u00d1OR Dios hab\u00eda tomado del hombre, form\u00f3 una mujer y la trajo al hombre\u201d. G\u00e9nesis 2;22<\/em><\/p>\n\n\n\n<p>Desde entonces el enemigo quiere que la mujer sea la causa de la desobediencia, sin embargo a Dios nadie lo enga\u00f1a; por eso dice a la serpiente:<\/p>\n\n\n\n<p><em>\u201cPor cuanto has hecho esto, maldita ser\u00e1s m\u00e1s que todos los animales, y m\u00e1s que todas las bestias del campo; sobre tu vientre andar\u00e1s, y polvo comer\u00e1s todos los d\u00edas de tu vida.&nbsp;<\/em><em><a href=\"http:\/\/bibliaparalela.com\/genesis\/3-15.htm\">15<\/a>Y pondr\u00e9 enemistad entre t\u00fa y la mujer, y entre tu simiente y su simiente; \u00e9l te herir\u00e1 en la cabeza, y t\u00fa lo herir\u00e1s en el calca\u00f1ar\u201d. G\u00e9nesis 3:15<\/em><\/p>\n\n\n\n<p>Y ah\u00ed inicia una larga jornada para la mujer. Ella fue codiciada por el enemigo, quien sab\u00eda el potencial que esta tiene en la vida, y por eso, cuando Satan\u00e1s la tienta en el Ed\u00e9n, causa el primer conflicto con el hombre, el cual la culpa de haberlo hecho caer en desobediencia.<\/p>\n\n\n\n<p>Dios ilustra a Satan\u00e1s como una serpiente, lo cual significa que nosotras tenemos un enemigo. Mar\u00eda, la madre de Jes\u00fas es una hero\u00edna, pues ella derrumba a aquel adversario cuando nace el fruto de su vientre, quien trae &nbsp;la libertad para nosotras.<\/p>\n\n\n\n<p>Pero nunca nos olvidemos como el Esp\u00edritu santo empez\u00f3 a trabajar con la mujer. <strong><em>Segadoras del Reino de Dios<\/em><\/strong>&nbsp; nace del coraz\u00f3n de Jes\u00fas.<\/p>\n\n\n\n<p>Una de las historias que m\u00e1s han impactado mi vida, es la de la relaci\u00f3n de Ruth con Noem\u00ed, siendo de una tribus diferentes; la primera cananea, adoradora de dioses y la segunda, Israelita que conoce a Jehov\u00e1, al Dios de Abraham, Isaac y Jacob. Ruth pudo decirle: <em>No insistas que te deje\u00a0o\u00a0que deje de seguirte; porque adonde t\u00fa vayas, ir\u00e9 yo, y donde t\u00fa mores, morar\u00e9. Tu pueblo\u00a0ser\u00e1\u00a0mi pueblo, y tu Dios mi Dios.<br><br><\/em>Esta es una historia de amor, de amistad y de perseverancia en la que vemos que siendo Ruth una mujer joven, sufre una etapa de metamorfosis de ni\u00f1a a mujer casada y finalmente a viuda. Sin embargo, ella se conmueve de Noem\u00ed, mayor de edad, viuda, que ha perdido sus hijos, su esposo y sus por consiguiente, sus bienes. A tal punto que su lamento se expresa en la siguiente frase: <em>\u201cNo me llamen Noem\u00ed. Ll\u00e1menme Mar\u00e1, porque el Todopoderoso me ha hecho muy amarga la situaci\u00f3n\u201d.\u00a0 (Ruth 1;19)<\/em><\/p>\n\n\n\n<p>Como ella, algunas mujeres quieren ser llamadas as\u00ed, todo lo dan por perdido, pero en <strong><em>Segadoras del Reino de Dios,<\/em><\/strong> encontraremos a algunas con el coraz\u00f3n de Ruth, que nos animar\u00e1n a continuar con nuestras jornadas; dejaremos de ser <em>Maras<\/em>, para convertirnos en mujeres de \u00e9xito cumpliendo nuestro prop\u00f3sito.<\/p>\n\n\n\n<p>La amistad, el amor y la unidad son parte de un cambio que Segadoras se propone propiciar en cada mujer, para que de esta manera, la metamorfosis se complete y finalmente el destino sea de mariposa, la cual representa su libertad en Cristo. Creemos que como Ruth y Noem\u00ed, somos amigas, somos hermanas, somos segadoras. Aquella joven mujer fue una segadora en el campo de Booz y ella, no s\u00f3lo restaura su vida, sino que trae la generaci\u00f3n del linaje de Jes\u00fas, el Salvador.<\/p>\n\n\n\n<p>A Mar\u00eda magdalena, a la mujer del flujo de sangre, y la del acto de adulterio, Jesus las libra del pecado. Cuando \u00e9l resucita, la primera aparici\u00f3n la hace frente a una mujer, nombrando as\u00ed a una <strong><em>Segadora<\/em><\/strong> que lleva su Evangelio.<\/p>\n\n\n\n<p>\u00a1T\u00fa eres una segadora de este siglo! Extiende tu mano a otras mujeres que necesitan de Jes\u00fas<\/p>\n\n\n\n<p>Cordialmente,<\/p>\n\n\n\n<p>Profeta Beatrice Q. Mojica<\/p>\n\n\n\n<p><\/p>\n\n\n\n<p><strong>Nuestro Logo<\/strong><\/p>\n\n\n<div class=\"wp-block-image\">\n<figure class=\"alignleft size-large is-resized\"><img decoding=\"async\" loading=\"lazy\" src=\"https:\/\/www.minaguilasdesalvacion.com\/site\/wp-content\/uploads\/2022\/12\/logo-damas-5-832x1024.png\" alt=\"\" class=\"wp-image-238\" width=\"180\" height=\"221\" srcset=\"https:\/\/www.minaguilasdesalvacion.com\/site\/wp-content\/uploads\/2022\/12\/logo-damas-5-832x1024.png 832w, https:\/\/www.minaguilasdesalvacion.com\/site\/wp-content\/uploads\/2022\/12\/logo-damas-5-244x300.png 244w, https:\/\/www.minaguilasdesalvacion.com\/site\/wp-content\/uploads\/2022\/12\/logo-damas-5-768x945.png 768w, https:\/\/www.minaguilasdesalvacion.com\/site\/wp-content\/uploads\/2022\/12\/logo-damas-5-488x600.png 488w, https:\/\/www.minaguilasdesalvacion.com\/site\/wp-content\/uploads\/2022\/12\/logo-damas-5.png 1045w\" sizes=\"(max-width: 180px) 100vw, 180px\" \/><\/figure><\/div>\n\n\n<p>Segadora y su logo, las espigas de trigo: Somos segadoras mujeres que cosechan almas para el reino de Dios.<\/p>\n\n\n\n<p>La mariposa: La metamorfosis de la mujer<\/p>\n\n\n\n<p>La figura de la mujer hecho de dos costillas<\/p>\n\n\n\n<p>La corona donde Dios te hace su hija. Tres picos: Padre, Hijo y Esp\u00edritu Santo<\/p>\n\n\n\n<p>Los colores morados o p\u00farpura significan realeza, poder, majestad, riquezas, autoridad del reino de Dios, dominio, herencia.<\/p>\n\n\n\n<p><em>\u201cEntonces Belsasar orden\u00f3 que vistieran a Daniel de p\u00farpura y&nbsp;le pusieran&nbsp;un collar de oro al cuello, y que proclamaran acerca de \u00e9l, que \u00e9l ten\u00eda&nbsp;ahora&nbsp;autoridad como tercero en el reino\u201d. Daniel 5:29<\/em><\/p>\n\n\n\n<p>Rosado o fucsia: Gozo, buenas relaciones, compasi\u00f3n, hermandad y la unidad<\/p>\n\n\n\n<p>Dorado: Gloria de Dios<\/p>\n\n\n\n<p>Blanco: Pureza, triunfo, festividad<\/p>\n\n\n\n<p>&nbsp;Azul: Autoridad Esp\u00edritu Santo<\/p>\n","protected":false},"excerpt":{"rendered":"<p>\u00bfQui\u00e9nes Somos? Las Segadoras del Reino de Dios es un Ministerio cristiano orientado a mujeres que desean ser parte activa del avance del Reino de Dios en la tierra, predicado por Jes\u00fas. Agrupamos comunidades de mujeres cristianas alrededor del mundo, sin importar su denominaci\u00f3n cristiana. Misi\u00f3n Empoderamos, levantamos y animamos&#46;&#46;&#46;<\/p>\n","protected":false},"author":1,"featured_media":0,"parent":0,"menu_order":0,"comment_status":"closed","ping_status":"closed","template":"","meta":{"two_page_speed":[]},"_links":{"self":[{"href":"https:\/\/www.minaguilasdesalvacion.com\/site\/wp-json\/wp\/v2\/pages\/237"}],"collection":[{"href":"https:\/\/www.minaguilasdesalvacion.com\/site\/wp-json\/wp\/v2\/pages"}],"about":[{"href":"https:\/\/www.minaguilasdesalvacion.com\/site\/wp-json\/wp\/v2\/types\/page"}],"author":[{"embeddable":true,"href":"https:\/\/www.minaguilasdesalvacion.com\/site\/wp-json\/wp\/v2\/users\/1"}],"replies":[{"embeddable":true,"href":"https:\/\/www.minaguilasdesalvacion.com\/site\/wp-json\/wp\/v2\/comments?post=237"}],"version-history":[{"count":1,"href":"https:\/\/www.minaguilasdesalvacion.com\/site\/wp-json\/wp\/v2\/pages\/237\/revisions"}],"predecessor-version":[{"id":240,"href":"https:\/\/www.minaguilasdesalvacion.com\/site\/wp-json\/wp\/v2\/pages\/237\/revisions\/240"}],"wp:attachment":[{"href":"https:\/\/www.minaguilasdesalvacion.com\/site\/wp-json\/wp\/v2\/media?parent=237"}],"curies":[{"name":"wp","href":"https:\/\/api.w.org\/{rel}","templated":true}]}}